{"id":5983,"date":"2026-03-13T21:06:09","date_gmt":"2026-03-13T21:06:09","guid":{"rendered":"https:\/\/dimerasa.bcardmexico.com\/?post_type=product&#038;p=5983"},"modified":"2026-03-19T19:10:42","modified_gmt":"2026-03-19T19:10:42","slug":"escaner-intraoral","status":"publish","type":"product","link":"https:\/\/dimerasa.bcardmexico.com\/?product=escaner-intraoral","title":{"rendered":"Impresora 3D  y Fotocurado Marca RAYSCAN"},"content":{"rendered":"<div class=\"row mt-3\">\n<div class=\"col-sm-4\">\n<p class=\"cvGsUA direction-ltr align-center para-style-body\"><span class=\"a_GcMg font-feature-liga-off font-feature-clig-off font-feature-calt-off text-decoration-none text-strikethrough-none\">Impresora 3D<\/span> <span class=\"a_GcMg font-feature-liga-off font-feature-clig-off font-feature-calt-off text-decoration-none text-strikethrough-none\">permite:<\/span><\/p>\n<ul>\n<li><span class=\"a_GcMg font-feature-liga-off font-feature-clig-off font-feature-calt-off text-decoration-none text-strikethrough-none\">Fabricaci\u00f3n de gu\u00edas quir\u00fargicas: Para implantes precisos.<\/span><\/li>\n<li><span class=\"a_GcMg font-feature-liga-off font-feature-clig-off font-feature-calt-off text-decoration-none text-strikethrough-none\">Coronas y puentes provisionales: R\u00e1pida producci\u00f3n.<\/span><\/li>\n<li><span class=\"a_GcMg font-feature-liga-off font-feature-clig-off font-feature-calt-off text-decoration-none text-strikethrough-none\">Modelos de estudio y ortodoncia: R\u00e9plicas f\u00edsicas de la boca del paciente.<\/span><\/li>\n<li><span class=\"a_GcMg font-feature-liga-off font-feature-clig-off font-feature-calt-off text-decoration-none text-strikethrough-none\">Alineadores y f\u00e9rulas: Elementos para tratamientos ortod\u00f3nticos.<\/span><\/li>\n<\/ul>\n<\/div>\n<\/div>\n","protected":false},"excerpt":{"rendered":"<p class=\"cvGsUA direction-ltr align-center para-style-body\"><span class=\"a_GcMg font-feature-liga-off font-feature-clig-off font-feature-calt-off text-decoration-none text-strikethrough-none\">Impresora 3D<\/span> <span class=\"a_GcMg font-feature-liga-off font-feature-clig-off font-feature-calt-off text-decoration-none text-strikethrough-none\">permite:<\/span><\/p>\n<ul>\n<li><span class=\"a_GcMg font-feature-liga-off font-feature-clig-off font-feature-calt-off text-decoration-none text-strikethrough-none\">Fabricaci\u00f3n de gu\u00edas quir\u00fargicas: Para implantes precisos.<\/span><\/li>\n<li><span class=\"a_GcMg font-feature-liga-off font-feature-clig-off font-feature-calt-off text-decoration-none text-strikethrough-none\">Coronas y puentes provisionales: R\u00e1pida producci\u00f3n.<\/span><\/li>\n<li><span class=\"a_GcMg font-feature-liga-off font-feature-clig-off font-feature-calt-off text-decoration-none text-strikethrough-none\">Modelos de estudio y ortodoncia: R\u00e9plicas f\u00edsicas de la boca del paciente.<\/span><\/li>\n<li><span class=\"a_GcMg font-feature-liga-off font-feature-clig-off font-feature-calt-off text-decoration-none text-strikethrough-none\">Alineadores y f\u00e9rulas: Elementos para tratamientos ortod\u00f3nticos.<\/span><\/li>\n<\/ul>\n","protected":false},"featured_media":5987,"comment_status":"open","ping_status":"closed","template":"","meta":[],"etheme_brands":[],"product_brand":[],"product_cat":[100],"product_tag":[],"class_list":{"0":"post-5983","1":"product","2":"type-product","3":"status-publish","4":"has-post-thumbnail","6":"product_cat-equipo-dental","8":"first","9":"instock","10":"shipping-taxable","11":"product-type-simple"},"yoast_head":"<!-- This site is optimized with the Yoast SEO Premium plugin v23.4 (Yoast SEO v23.4) - https:\/\/yoast.com\/wordpress\/plugins\/seo\/ -->\n<title>Impresora 3D y Fotocurado Marca RAYSCAN - Dimerasa<\/title>\n<meta name=\"robots\" content=\"index, follow, max-snippet:-1, max-image-preview:large, max-video-preview:-1\" \/>\n<link rel=\"canonical\" href=\"https:\/\/dimerasa.bcardmexico.com\/?product=escaner-intraoral\" \/>\n<meta property=\"og:locale\" content=\"es_MX\" \/>\n<meta property=\"og:type\" content=\"article\" \/>\n<meta property=\"og:title\" content=\"Impresora 3D y Fotocurado Marca RAYSCAN\" \/>\n<meta property=\"og:description\" content=\"Impresora 3D permite:    Fabricaci\u00f3n de gu\u00edas quir\u00fargicas: Para implantes precisos.  Coronas y puentes provisionales: R\u00e1pida producci\u00f3n.  Modelos de estudio y ortodoncia: R\u00e9plicas f\u00edsicas de la boca del paciente.  Alineadores y f\u00e9rulas: Elementos para tratamientos ortod\u00f3nticos.\" \/>\n<meta property=\"og:url\" content=\"https:\/\/dimerasa.bcardmexico.com\/?product=escaner-intraoral\" \/>\n<meta property=\"og:site_name\" content=\"Dimerasa\" \/>\n<meta property=\"article:modified_time\" content=\"2026-03-19T19:10:42+00:00\" \/>\n<meta property=\"og:image\" content=\"https:\/\/dimerasa.bcardmexico.com\/wp-content\/uploads\/2026\/03\/impresora.jpg\" \/>\n\t<meta property=\"og:image:width\" content=\"1080\" \/>\n\t<meta property=\"og:image:height\" content=\"1080\" \/>\n\t<meta property=\"og:image:type\" content=\"image\/jpeg\" \/>\n<meta name=\"twitter:card\" content=\"summary_large_image\" \/>\n<meta name=\"twitter:label1\" content=\"Est. reading time\" \/>\n\t<meta name=\"twitter:data1\" content=\"1 minuto\" \/>\n<script type=\"application\/ld+json\" class=\"yoast-schema-graph\">{\"@context\":\"https:\/\/schema.org\",\"@graph\":[{\"@type\":\"WebPage\",\"@id\":\"https:\/\/dimerasa.bcardmexico.com\/?product=escaner-intraoral\",\"url\":\"https:\/\/dimerasa.bcardmexico.com\/?product=escaner-intraoral\",\"name\":\"Impresora 3D y Fotocurado Marca RAYSCAN - Dimerasa\",\"isPartOf\":{\"@id\":\"https:\/\/dimerasa.bcardmexico.com\/#website\"},\"primaryImageOfPage\":{\"@id\":\"https:\/\/dimerasa.bcardmexico.com\/?product=escaner-intraoral#primaryimage\"},\"image\":{\"@id\":\"https:\/\/dimerasa.bcardmexico.com\/?product=escaner-intraoral#primaryimage\"},\"thumbnailUrl\":\"https:\/\/dimerasa.bcardmexico.com\/wp-content\/uploads\/2026\/03\/impresora.jpg\",\"datePublished\":\"2026-03-13T21:06:09+00:00\",\"dateModified\":\"2026-03-19T19:10:42+00:00\",\"breadcrumb\":{\"@id\":\"https:\/\/dimerasa.bcardmexico.com\/?product=escaner-intraoral#breadcrumb\"},\"inLanguage\":\"es\",\"potentialAction\":[{\"@type\":\"ReadAction\",\"target\":[\"https:\/\/dimerasa.bcardmexico.com\/?product=escaner-intraoral\"]}]},{\"@type\":\"ImageObject\",\"inLanguage\":\"es\",\"@id\":\"https:\/\/dimerasa.bcardmexico.com\/?product=escaner-intraoral#primaryimage\",\"url\":\"https:\/\/dimerasa.bcardmexico.com\/wp-content\/uploads\/2026\/03\/impresora.jpg\",\"contentUrl\":\"https:\/\/dimerasa.bcardmexico.com\/wp-content\/uploads\/2026\/03\/impresora.jpg\",\"width\":1080,\"height\":1080},{\"@type\":\"BreadcrumbList\",\"@id\":\"https:\/\/dimerasa.bcardmexico.com\/?product=escaner-intraoral#breadcrumb\",\"itemListElement\":[{\"@type\":\"ListItem\",\"position\":1,\"name\":\"Home\",\"item\":\"https:\/\/dimerasa.bcardmexico.com\/\"},{\"@type\":\"ListItem\",\"position\":2,\"name\":\"Shop\",\"item\":\"https:\/\/dimerasa.bcardmexico.com\/?page_id=20\"},{\"@type\":\"ListItem\",\"position\":3,\"name\":\"Impresora 3D y Fotocurado Marca RAYSCAN\"}]},{\"@type\":\"WebSite\",\"@id\":\"https:\/\/dimerasa.bcardmexico.com\/#website\",\"url\":\"https:\/\/dimerasa.bcardmexico.com\/\",\"name\":\"Dimerasa\",\"description\":\"\",\"publisher\":{\"@id\":\"https:\/\/dimerasa.bcardmexico.com\/#organization\"},\"alternateName\":\"Dimerasa\",\"potentialAction\":[{\"@type\":\"SearchAction\",\"target\":{\"@type\":\"EntryPoint\",\"urlTemplate\":\"https:\/\/dimerasa.bcardmexico.com\/?s={search_term_string}\"},\"query-input\":{\"@type\":\"PropertyValueSpecification\",\"valueRequired\":true,\"valueName\":\"search_term_string\"}}],\"inLanguage\":\"es\"},{\"@type\":\"Organization\",\"@id\":\"https:\/\/dimerasa.bcardmexico.com\/#organization\",\"name\":\"Dimerasa\",\"url\":\"https:\/\/dimerasa.bcardmexico.com\/\",\"logo\":{\"@type\":\"ImageObject\",\"inLanguage\":\"es\",\"@id\":\"https:\/\/dimerasa.bcardmexico.com\/#\/schema\/logo\/image\/\",\"url\":\"https:\/\/dimerasa.bcardmexico.com\/wp-content\/uploads\/2023\/11\/Logo-2x.jpeg\",\"contentUrl\":\"https:\/\/dimerasa.bcardmexico.com\/wp-content\/uploads\/2023\/11\/Logo-2x.jpeg\",\"width\":332,\"height\":81,\"caption\":\"Dimerasa\"},\"image\":{\"@id\":\"https:\/\/dimerasa.bcardmexico.com\/#\/schema\/logo\/image\/\"}}]}<\/script>\n<!-- \/ Yoast SEO Premium plugin. -->","yoast_head_json":{"title":"Impresora 3D y Fotocurado Marca RAYSCAN - Dimerasa","robots":{"index":"index","follow":"follow","max-snippet":"max-snippet:-1","max-image-preview":"max-image-preview:large","max-video-preview":"max-video-preview:-1"},"canonical":"https:\/\/dimerasa.bcardmexico.com\/?product=escaner-intraoral","og_locale":"es_MX","og_type":"article","og_title":"Impresora 3D y Fotocurado Marca RAYSCAN","og_description":"Impresora 3D permite:    Fabricaci\u00f3n de gu\u00edas quir\u00fargicas: Para implantes precisos.  Coronas y puentes provisionales: R\u00e1pida producci\u00f3n.  Modelos de estudio y ortodoncia: R\u00e9plicas f\u00edsicas de la boca del paciente.  Alineadores y f\u00e9rulas: Elementos para tratamientos ortod\u00f3nticos.","og_url":"https:\/\/dimerasa.bcardmexico.com\/?product=escaner-intraoral","og_site_name":"Dimerasa","article_modified_time":"2026-03-19T19:10:42+00:00","og_image":[{"width":1080,"height":1080,"url":"https:\/\/dimerasa.bcardmexico.com\/wp-content\/uploads\/2026\/03\/impresora.jpg","type":"image\/jpeg"}],"twitter_card":"summary_large_image","twitter_misc":{"Est. reading time":"1 minuto"},"schema":{"@context":"https:\/\/schema.org","@graph":[{"@type":"WebPage","@id":"https:\/\/dimerasa.bcardmexico.com\/?product=escaner-intraoral","url":"https:\/\/dimerasa.bcardmexico.com\/?product=escaner-intraoral","name":"Impresora 3D y Fotocurado Marca RAYSCAN - Dimerasa","isPartOf":{"@id":"https:\/\/dimerasa.bcardmexico.com\/#website"},"primaryImageOfPage":{"@id":"https:\/\/dimerasa.bcardmexico.com\/?product=escaner-intraoral#primaryimage"},"image":{"@id":"https:\/\/dimerasa.bcardmexico.com\/?product=escaner-intraoral#primaryimage"},"thumbnailUrl":"https:\/\/dimerasa.bcardmexico.com\/wp-content\/uploads\/2026\/03\/impresora.jpg","datePublished":"2026-03-13T21:06:09+00:00","dateModified":"2026-03-19T19:10:42+00:00","breadcrumb":{"@id":"https:\/\/dimerasa.bcardmexico.com\/?product=escaner-intraoral#breadcrumb"},"inLanguage":"es","potentialAction":[{"@type":"ReadAction","target":["https:\/\/dimerasa.bcardmexico.com\/?product=escaner-intraoral"]}]},{"@type":"ImageObject","inLanguage":"es","@id":"https:\/\/dimerasa.bcardmexico.com\/?product=escaner-intraoral#primaryimage","url":"https:\/\/dimerasa.bcardmexico.com\/wp-content\/uploads\/2026\/03\/impresora.jpg","contentUrl":"https:\/\/dimerasa.bcardmexico.com\/wp-content\/uploads\/2026\/03\/impresora.jpg","width":1080,"height":1080},{"@type":"BreadcrumbList","@id":"https:\/\/dimerasa.bcardmexico.com\/?product=escaner-intraoral#breadcrumb","itemListElement":[{"@type":"ListItem","position":1,"name":"Home","item":"https:\/\/dimerasa.bcardmexico.com\/"},{"@type":"ListItem","position":2,"name":"Shop","item":"https:\/\/dimerasa.bcardmexico.com\/?page_id=20"},{"@type":"ListItem","position":3,"name":"Impresora 3D y Fotocurado Marca RAYSCAN"}]},{"@type":"WebSite","@id":"https:\/\/dimerasa.bcardmexico.com\/#website","url":"https:\/\/dimerasa.bcardmexico.com\/","name":"Dimerasa","description":"","publisher":{"@id":"https:\/\/dimerasa.bcardmexico.com\/#organization"},"alternateName":"Dimerasa","potentialAction":[{"@type":"SearchAction","target":{"@type":"EntryPoint","urlTemplate":"https:\/\/dimerasa.bcardmexico.com\/?s={search_term_string}"},"query-input":{"@type":"PropertyValueSpecification","valueRequired":true,"valueName":"search_term_string"}}],"inLanguage":"es"},{"@type":"Organization","@id":"https:\/\/dimerasa.bcardmexico.com\/#organization","name":"Dimerasa","url":"https:\/\/dimerasa.bcardmexico.com\/","logo":{"@type":"ImageObject","inLanguage":"es","@id":"https:\/\/dimerasa.bcardmexico.com\/#\/schema\/logo\/image\/","url":"https:\/\/dimerasa.bcardmexico.com\/wp-content\/uploads\/2023\/11\/Logo-2x.jpeg","contentUrl":"https:\/\/dimerasa.bcardmexico.com\/wp-content\/uploads\/2023\/11\/Logo-2x.jpeg","width":332,"height":81,"caption":"Dimerasa"},"image":{"@id":"https:\/\/dimerasa.bcardmexico.com\/#\/schema\/logo\/image\/"}}]}},"_links":{"self":[{"href":"https:\/\/dimerasa.bcardmexico.com\/index.php?rest_route=\/wp\/v2\/product\/5983","targetHints":{"allow":["GET"]}}],"collection":[{"href":"https:\/\/dimerasa.bcardmexico.com\/index.php?rest_route=\/wp\/v2\/product"}],"about":[{"href":"https:\/\/dimerasa.bcardmexico.com\/index.php?rest_route=\/wp\/v2\/types\/product"}],"replies":[{"embeddable":true,"href":"https:\/\/dimerasa.bcardmexico.com\/index.php?rest_route=%2Fwp%2Fv2%2Fcomments&post=5983"}],"version-history":[{"count":8,"href":"https:\/\/dimerasa.bcardmexico.com\/index.php?rest_route=\/wp\/v2\/product\/5983\/revisions"}],"predecessor-version":[{"id":6147,"href":"https:\/\/dimerasa.bcardmexico.com\/index.php?rest_route=\/wp\/v2\/product\/5983\/revisions\/6147"}],"wp:featuredmedia":[{"embeddable":true,"href":"https:\/\/dimerasa.bcardmexico.com\/index.php?rest_route=\/wp\/v2\/media\/5987"}],"wp:attachment":[{"href":"https:\/\/dimerasa.bcardmexico.com\/index.php?rest_route=%2Fwp%2Fv2%2Fmedia&parent=5983"}],"wp:term":[{"taxonomy":"brand","embeddable":true,"href":"https:\/\/dimerasa.bcardmexico.com\/index.php?rest_route=%2Fwp%2Fv2%2Fetheme_brands&post=5983"},{"taxonomy":"product_brand","embeddable":true,"href":"https:\/\/dimerasa.bcardmexico.com\/index.php?rest_route=%2Fwp%2Fv2%2Fproduct_brand&post=5983"},{"taxonomy":"product_cat","embeddable":true,"href":"https:\/\/dimerasa.bcardmexico.com\/index.php?rest_route=%2Fwp%2Fv2%2Fproduct_cat&post=5983"},{"taxonomy":"product_tag","embeddable":true,"href":"https:\/\/dimerasa.bcardmexico.com\/index.php?rest_route=%2Fwp%2Fv2%2Fproduct_tag&post=5983"}],"curies":[{"name":"wp","href":"https:\/\/api.w.org\/{rel}","templated":true}]}}