{"id":5969,"date":"2026-03-13T20:54:22","date_gmt":"2026-03-13T20:54:22","guid":{"rendered":"https:\/\/dimerasa.bcardmexico.com\/?post_type=product&#038;p=5969"},"modified":"2026-03-19T16:55:02","modified_gmt":"2026-03-19T16:55:02","slug":"rayos-x-dental-corix-70-plus","status":"publish","type":"product","link":"https:\/\/dimerasa.bcardmexico.com\/?product=rayos-x-dental-corix-70-plus","title":{"rendered":"RX DENTAL  FIJO MARCA CORIX"},"content":{"rendered":"<p><span class=\"a_GcMg font-feature-liga-off font-feature-clig-off font-feature-calt-off text-decoration-none text-strikethrough-none\">Estabilidad operativa, la mejor opci\u00f3n est\u00e1ndar para cl\u00ednicas establecidas por su<\/span> <span class=\"a_GcMg font-feature-liga-off font-feature-clig-off font-feature-calt-off text-decoration-none text-strikethrough-none\">potencia y estabilidad, razones cr\u00edticas de seguridad,<\/span> <span class=\"a_GcMg font-feature-liga-off font-feature-clig-off font-feature-calt-off text-decoration-none text-strikethrough-none\">calidad diagn\u00f3stica incluyendo las barreras<\/span> <span class=\"a_GcMg font-feature-liga-off font-feature-clig-off font-feature-calt-off text-decoration-none text-strikethrough-none\">y proteccion al operador ya<\/span> <span class=\"a_GcMg font-feature-liga-off font-feature-clig-off font-feature-calt-off text-decoration-none text-strikethrough-none\">dispara desde una zona protegida o a una distancia segura (m\u00ednimo 2 metros).<\/span><\/p>\n","protected":false},"excerpt":{"rendered":"<ul>\n<li><span class=\"a_GcMg font-feature-liga-off font-feature-clig-off font-feature-calt-off text-decoration-none text-strikethrough-none\">Estabilidad operativa, la mejor opci\u00f3n est\u00e1ndar para cl\u00ednicas establecidas por su<\/span> <span class=\"a_GcMg font-feature-liga-off font-feature-clig-off font-feature-calt-off text-decoration-none text-strikethrough-none\">potencia y estabilidad, razones cr\u00edticas de seguridad,<\/span> <span class=\"a_GcMg font-feature-liga-off font-feature-clig-off font-feature-calt-off text-decoration-none text-strikethrough-none\">calidad diagn\u00f3stica incluyendo las barreras<\/span> <span class=\"a_GcMg font-feature-liga-off font-feature-clig-off font-feature-calt-off text-decoration-none text-strikethrough-none\">y proteccion al operador ya<\/span> <span class=\"a_GcMg font-feature-liga-off font-feature-clig-off font-feature-calt-off text-decoration-none text-strikethrough-none\">dispara desde una zona protegida o a una distancia segura (m\u00ednimo 2 metros).<\/span><\/li>\n<\/ul>\n","protected":false},"featured_media":5970,"comment_status":"open","ping_status":"closed","template":"","meta":[],"etheme_brands":[],"product_brand":[],"product_cat":[100],"product_tag":[],"class_list":{"0":"post-5969","1":"product","2":"type-product","3":"status-publish","4":"has-post-thumbnail","6":"product_cat-equipo-dental","8":"first","9":"instock","10":"shipping-taxable","11":"product-type-simple"},"yoast_head":"<!-- This site is optimized with the Yoast SEO Premium plugin v23.4 (Yoast SEO v23.4) - https:\/\/yoast.com\/wordpress\/plugins\/seo\/ -->\n<title>RX DENTAL FIJO MARCA CORIX - Dimerasa<\/title>\n<meta name=\"robots\" content=\"index, follow, max-snippet:-1, max-image-preview:large, max-video-preview:-1\" \/>\n<link rel=\"canonical\" href=\"https:\/\/dimerasa.bcardmexico.com\/?product=rayos-x-dental-corix-70-plus\" \/>\n<meta property=\"og:locale\" content=\"es_MX\" \/>\n<meta property=\"og:type\" content=\"article\" \/>\n<meta property=\"og:title\" content=\"RX DENTAL FIJO MARCA CORIX\" \/>\n<meta property=\"og:description\" content=\"Estabilidad operativa, la mejor opci\u00f3n est\u00e1ndar para cl\u00ednicas establecidas por su potencia y estabilidad, razones cr\u00edticas de seguridad, calidad diagn\u00f3stica incluyendo las barreras y proteccion al operador ya dispara desde una zona protegida o a una distancia segura (m\u00ednimo 2 metros).\" \/>\n<meta property=\"og:url\" content=\"https:\/\/dimerasa.bcardmexico.com\/?product=rayos-x-dental-corix-70-plus\" \/>\n<meta property=\"og:site_name\" content=\"Dimerasa\" \/>\n<meta property=\"article:modified_time\" content=\"2026-03-19T16:55:02+00:00\" \/>\n<meta property=\"og:image\" content=\"https:\/\/dimerasa.bcardmexico.com\/wp-content\/uploads\/2026\/03\/Fijo-Dental.jpg\" \/>\n\t<meta property=\"og:image:width\" content=\"1080\" \/>\n\t<meta property=\"og:image:height\" content=\"1080\" \/>\n\t<meta property=\"og:image:type\" content=\"image\/jpeg\" \/>\n<meta name=\"twitter:card\" content=\"summary_large_image\" \/>\n<meta name=\"twitter:label1\" content=\"Est. reading time\" \/>\n\t<meta name=\"twitter:data1\" content=\"1 minuto\" \/>\n<script type=\"application\/ld+json\" class=\"yoast-schema-graph\">{\"@context\":\"https:\/\/schema.org\",\"@graph\":[{\"@type\":\"WebPage\",\"@id\":\"https:\/\/dimerasa.bcardmexico.com\/?product=rayos-x-dental-corix-70-plus\",\"url\":\"https:\/\/dimerasa.bcardmexico.com\/?product=rayos-x-dental-corix-70-plus\",\"name\":\"RX DENTAL FIJO MARCA CORIX - Dimerasa\",\"isPartOf\":{\"@id\":\"https:\/\/dimerasa.bcardmexico.com\/#website\"},\"primaryImageOfPage\":{\"@id\":\"https:\/\/dimerasa.bcardmexico.com\/?product=rayos-x-dental-corix-70-plus#primaryimage\"},\"image\":{\"@id\":\"https:\/\/dimerasa.bcardmexico.com\/?product=rayos-x-dental-corix-70-plus#primaryimage\"},\"thumbnailUrl\":\"https:\/\/dimerasa.bcardmexico.com\/wp-content\/uploads\/2026\/03\/Fijo-Dental.jpg\",\"datePublished\":\"2026-03-13T20:54:22+00:00\",\"dateModified\":\"2026-03-19T16:55:02+00:00\",\"breadcrumb\":{\"@id\":\"https:\/\/dimerasa.bcardmexico.com\/?product=rayos-x-dental-corix-70-plus#breadcrumb\"},\"inLanguage\":\"es\",\"potentialAction\":[{\"@type\":\"ReadAction\",\"target\":[\"https:\/\/dimerasa.bcardmexico.com\/?product=rayos-x-dental-corix-70-plus\"]}]},{\"@type\":\"ImageObject\",\"inLanguage\":\"es\",\"@id\":\"https:\/\/dimerasa.bcardmexico.com\/?product=rayos-x-dental-corix-70-plus#primaryimage\",\"url\":\"https:\/\/dimerasa.bcardmexico.com\/wp-content\/uploads\/2026\/03\/Fijo-Dental.jpg\",\"contentUrl\":\"https:\/\/dimerasa.bcardmexico.com\/wp-content\/uploads\/2026\/03\/Fijo-Dental.jpg\",\"width\":1080,\"height\":1080},{\"@type\":\"BreadcrumbList\",\"@id\":\"https:\/\/dimerasa.bcardmexico.com\/?product=rayos-x-dental-corix-70-plus#breadcrumb\",\"itemListElement\":[{\"@type\":\"ListItem\",\"position\":1,\"name\":\"Home\",\"item\":\"https:\/\/dimerasa.bcardmexico.com\/\"},{\"@type\":\"ListItem\",\"position\":2,\"name\":\"Shop\",\"item\":\"https:\/\/dimerasa.bcardmexico.com\/?page_id=20\"},{\"@type\":\"ListItem\",\"position\":3,\"name\":\"RX DENTAL FIJO MARCA CORIX\"}]},{\"@type\":\"WebSite\",\"@id\":\"https:\/\/dimerasa.bcardmexico.com\/#website\",\"url\":\"https:\/\/dimerasa.bcardmexico.com\/\",\"name\":\"Dimerasa\",\"description\":\"\",\"publisher\":{\"@id\":\"https:\/\/dimerasa.bcardmexico.com\/#organization\"},\"alternateName\":\"Dimerasa\",\"potentialAction\":[{\"@type\":\"SearchAction\",\"target\":{\"@type\":\"EntryPoint\",\"urlTemplate\":\"https:\/\/dimerasa.bcardmexico.com\/?s={search_term_string}\"},\"query-input\":{\"@type\":\"PropertyValueSpecification\",\"valueRequired\":true,\"valueName\":\"search_term_string\"}}],\"inLanguage\":\"es\"},{\"@type\":\"Organization\",\"@id\":\"https:\/\/dimerasa.bcardmexico.com\/#organization\",\"name\":\"Dimerasa\",\"url\":\"https:\/\/dimerasa.bcardmexico.com\/\",\"logo\":{\"@type\":\"ImageObject\",\"inLanguage\":\"es\",\"@id\":\"https:\/\/dimerasa.bcardmexico.com\/#\/schema\/logo\/image\/\",\"url\":\"https:\/\/dimerasa.bcardmexico.com\/wp-content\/uploads\/2023\/11\/Logo-2x.jpeg\",\"contentUrl\":\"https:\/\/dimerasa.bcardmexico.com\/wp-content\/uploads\/2023\/11\/Logo-2x.jpeg\",\"width\":332,\"height\":81,\"caption\":\"Dimerasa\"},\"image\":{\"@id\":\"https:\/\/dimerasa.bcardmexico.com\/#\/schema\/logo\/image\/\"}}]}<\/script>\n<!-- \/ Yoast SEO Premium plugin. -->","yoast_head_json":{"title":"RX DENTAL FIJO MARCA CORIX - Dimerasa","robots":{"index":"index","follow":"follow","max-snippet":"max-snippet:-1","max-image-preview":"max-image-preview:large","max-video-preview":"max-video-preview:-1"},"canonical":"https:\/\/dimerasa.bcardmexico.com\/?product=rayos-x-dental-corix-70-plus","og_locale":"es_MX","og_type":"article","og_title":"RX DENTAL FIJO MARCA CORIX","og_description":"Estabilidad operativa, la mejor opci\u00f3n est\u00e1ndar para cl\u00ednicas establecidas por su potencia y estabilidad, razones cr\u00edticas de seguridad, calidad diagn\u00f3stica incluyendo las barreras y proteccion al operador ya dispara desde una zona protegida o a una distancia segura (m\u00ednimo 2 metros).","og_url":"https:\/\/dimerasa.bcardmexico.com\/?product=rayos-x-dental-corix-70-plus","og_site_name":"Dimerasa","article_modified_time":"2026-03-19T16:55:02+00:00","og_image":[{"width":1080,"height":1080,"url":"https:\/\/dimerasa.bcardmexico.com\/wp-content\/uploads\/2026\/03\/Fijo-Dental.jpg","type":"image\/jpeg"}],"twitter_card":"summary_large_image","twitter_misc":{"Est. reading time":"1 minuto"},"schema":{"@context":"https:\/\/schema.org","@graph":[{"@type":"WebPage","@id":"https:\/\/dimerasa.bcardmexico.com\/?product=rayos-x-dental-corix-70-plus","url":"https:\/\/dimerasa.bcardmexico.com\/?product=rayos-x-dental-corix-70-plus","name":"RX DENTAL FIJO MARCA CORIX - Dimerasa","isPartOf":{"@id":"https:\/\/dimerasa.bcardmexico.com\/#website"},"primaryImageOfPage":{"@id":"https:\/\/dimerasa.bcardmexico.com\/?product=rayos-x-dental-corix-70-plus#primaryimage"},"image":{"@id":"https:\/\/dimerasa.bcardmexico.com\/?product=rayos-x-dental-corix-70-plus#primaryimage"},"thumbnailUrl":"https:\/\/dimerasa.bcardmexico.com\/wp-content\/uploads\/2026\/03\/Fijo-Dental.jpg","datePublished":"2026-03-13T20:54:22+00:00","dateModified":"2026-03-19T16:55:02+00:00","breadcrumb":{"@id":"https:\/\/dimerasa.bcardmexico.com\/?product=rayos-x-dental-corix-70-plus#breadcrumb"},"inLanguage":"es","potentialAction":[{"@type":"ReadAction","target":["https:\/\/dimerasa.bcardmexico.com\/?product=rayos-x-dental-corix-70-plus"]}]},{"@type":"ImageObject","inLanguage":"es","@id":"https:\/\/dimerasa.bcardmexico.com\/?product=rayos-x-dental-corix-70-plus#primaryimage","url":"https:\/\/dimerasa.bcardmexico.com\/wp-content\/uploads\/2026\/03\/Fijo-Dental.jpg","contentUrl":"https:\/\/dimerasa.bcardmexico.com\/wp-content\/uploads\/2026\/03\/Fijo-Dental.jpg","width":1080,"height":1080},{"@type":"BreadcrumbList","@id":"https:\/\/dimerasa.bcardmexico.com\/?product=rayos-x-dental-corix-70-plus#breadcrumb","itemListElement":[{"@type":"ListItem","position":1,"name":"Home","item":"https:\/\/dimerasa.bcardmexico.com\/"},{"@type":"ListItem","position":2,"name":"Shop","item":"https:\/\/dimerasa.bcardmexico.com\/?page_id=20"},{"@type":"ListItem","position":3,"name":"RX DENTAL FIJO MARCA CORIX"}]},{"@type":"WebSite","@id":"https:\/\/dimerasa.bcardmexico.com\/#website","url":"https:\/\/dimerasa.bcardmexico.com\/","name":"Dimerasa","description":"","publisher":{"@id":"https:\/\/dimerasa.bcardmexico.com\/#organization"},"alternateName":"Dimerasa","potentialAction":[{"@type":"SearchAction","target":{"@type":"EntryPoint","urlTemplate":"https:\/\/dimerasa.bcardmexico.com\/?s={search_term_string}"},"query-input":{"@type":"PropertyValueSpecification","valueRequired":true,"valueName":"search_term_string"}}],"inLanguage":"es"},{"@type":"Organization","@id":"https:\/\/dimerasa.bcardmexico.com\/#organization","name":"Dimerasa","url":"https:\/\/dimerasa.bcardmexico.com\/","logo":{"@type":"ImageObject","inLanguage":"es","@id":"https:\/\/dimerasa.bcardmexico.com\/#\/schema\/logo\/image\/","url":"https:\/\/dimerasa.bcardmexico.com\/wp-content\/uploads\/2023\/11\/Logo-2x.jpeg","contentUrl":"https:\/\/dimerasa.bcardmexico.com\/wp-content\/uploads\/2023\/11\/Logo-2x.jpeg","width":332,"height":81,"caption":"Dimerasa"},"image":{"@id":"https:\/\/dimerasa.bcardmexico.com\/#\/schema\/logo\/image\/"}}]}},"_links":{"self":[{"href":"https:\/\/dimerasa.bcardmexico.com\/index.php?rest_route=\/wp\/v2\/product\/5969","targetHints":{"allow":["GET"]}}],"collection":[{"href":"https:\/\/dimerasa.bcardmexico.com\/index.php?rest_route=\/wp\/v2\/product"}],"about":[{"href":"https:\/\/dimerasa.bcardmexico.com\/index.php?rest_route=\/wp\/v2\/types\/product"}],"replies":[{"embeddable":true,"href":"https:\/\/dimerasa.bcardmexico.com\/index.php?rest_route=%2Fwp%2Fv2%2Fcomments&post=5969"}],"version-history":[{"count":5,"href":"https:\/\/dimerasa.bcardmexico.com\/index.php?rest_route=\/wp\/v2\/product\/5969\/revisions"}],"predecessor-version":[{"id":6130,"href":"https:\/\/dimerasa.bcardmexico.com\/index.php?rest_route=\/wp\/v2\/product\/5969\/revisions\/6130"}],"wp:featuredmedia":[{"embeddable":true,"href":"https:\/\/dimerasa.bcardmexico.com\/index.php?rest_route=\/wp\/v2\/media\/5970"}],"wp:attachment":[{"href":"https:\/\/dimerasa.bcardmexico.com\/index.php?rest_route=%2Fwp%2Fv2%2Fmedia&parent=5969"}],"wp:term":[{"taxonomy":"brand","embeddable":true,"href":"https:\/\/dimerasa.bcardmexico.com\/index.php?rest_route=%2Fwp%2Fv2%2Fetheme_brands&post=5969"},{"taxonomy":"product_brand","embeddable":true,"href":"https:\/\/dimerasa.bcardmexico.com\/index.php?rest_route=%2Fwp%2Fv2%2Fproduct_brand&post=5969"},{"taxonomy":"product_cat","embeddable":true,"href":"https:\/\/dimerasa.bcardmexico.com\/index.php?rest_route=%2Fwp%2Fv2%2Fproduct_cat&post=5969"},{"taxonomy":"product_tag","embeddable":true,"href":"https:\/\/dimerasa.bcardmexico.com\/index.php?rest_route=%2Fwp%2Fv2%2Fproduct_tag&post=5969"}],"curies":[{"name":"wp","href":"https:\/\/api.w.org\/{rel}","templated":true}]}}